{"id":26,"date":"2025-10-19T07:24:05","date_gmt":"2025-10-19T07:24:05","guid":{"rendered":"https:\/\/mmark.ds.mt\/index.php\/services\/"},"modified":"2025-12-08T09:51:18","modified_gmt":"2025-12-08T09:51:18","slug":"services","status":"publish","type":"page","link":"https:\/\/mmark.ds.mt\/index.php\/services\/","title":{"rendered":"LEISTUNGEN"},"content":{"rendered":"\t\t<div data-elementor-type=\"wp-page\" data-elementor-id=\"26\" class=\"elementor elementor-26\" data-elementor-post-type=\"page\">\n\t\t\t\t<div class=\"elementor-element elementor-element-79337ab3 e-flex e-con-boxed e-con e-parent\" data-id=\"79337ab3\" data-element_type=\"container\" data-settings=\"{&quot;background_background&quot;:&quot;classic&quot;}\">\n\t\t\t\t\t<div class=\"e-con-inner\">\n\t\t\t\t<div class=\"elementor-element elementor-element-194f2976 elementor-widget elementor-widget-heading\" data-id=\"194f2976\" data-element_type=\"widget\" data-widget_type=\"heading.default\">\n\t\t\t\t\t<h1 class=\"elementor-heading-title elementor-size-default\">Unsere Leistungen<\/h1>\t\t\t\t<\/div>\n\t\t\t\t<div class=\"elementor-element elementor-element-47d860d6 elementor-widget-divider--view-line elementor-widget elementor-widget-divider\" data-id=\"47d860d6\" data-element_type=\"widget\" data-widget_type=\"divider.default\">\n\t\t\t\t\t\t\t<div class=\"elementor-divider\">\n\t\t\t<span class=\"elementor-divider-separator\">\n\t\t\t\t\t\t<\/span>\n\t\t<\/div>\n\t\t\t\t\t\t<\/div>\n\t\t\t\t<div class=\"elementor-element elementor-element-647280b7 elementor-widget__width-initial elementor-widget-tablet__width-initial elementor-widget elementor-widget-heading\" data-id=\"647280b7\" data-element_type=\"widget\" data-widget_type=\"heading.default\">\n\t\t\t\t\t<h5 class=\"elementor-heading-title elementor-size-default\">Klarer Prozess bei MarschallMarketing.\nPlanungssicherheit bei Ihnen. <\/h5>\t\t\t\t<\/div>\n\t\t\t\t\t<\/div>\n\t\t\t\t<\/div>\n\t\t<div class=\"elementor-element elementor-element-02ee5aa e-flex e-con-boxed e-con e-parent\" data-id=\"02ee5aa\" data-element_type=\"container\" data-settings=\"{&quot;background_background&quot;:&quot;classic&quot;}\">\n\t\t\t\t\t<div class=\"e-con-inner\">\n\t\t<div class=\"elementor-element elementor-element-86b4369 e-con-full e-flex e-con e-child\" data-id=\"86b4369\" data-element_type=\"container\">\n\t\t\t\t<div class=\"elementor-element elementor-element-1819e29 elementor-widget__width-initial elementor-widget-tablet__width-initial elementor-widget elementor-widget-heading\" data-id=\"1819e29\" data-element_type=\"widget\" data-widget_type=\"heading.default\">\n\t\t\t\t\t<h5 class=\"elementor-heading-title elementor-size-default\">Mit unserer bew\u00e4hrten Methode f\u00fchren wir Sie strukturiert durch den gesamten Marken Prozess.\nVom Erstgepr\u00e4ch hin zum Strategie-Workshop, \u00fcber die Entwicklung des Brandings und der Positionierung hin zu den Ma\u00dfnahmen die Sie in die Sichtbarkeit f\u00fchren werden. Vom Erstgespr\u00e4ch bis zum Launch des neuen Brandings vergehen oft keine 4 Wochen. Let\u00b4s go! <\/h5>\t\t\t\t<\/div>\n\t\t\t\t<\/div>\n\t\t\t\t\t<\/div>\n\t\t\t\t<\/div>\n\t\t<div class=\"elementor-element elementor-element-7e361ef8 e-flex e-con-boxed e-con e-parent\" data-id=\"7e361ef8\" data-element_type=\"container\" id=\"service1\" data-settings=\"{&quot;background_background&quot;:&quot;classic&quot;}\">\n\t\t\t\t\t<div class=\"e-con-inner\">\n\t\t<div class=\"elementor-element elementor-element-132928fd e-con-full e-flex e-con e-child\" data-id=\"132928fd\" data-element_type=\"container\">\n\t\t\t\t<div class=\"elementor-element elementor-element-62b9e50a elementor-widget elementor-widget-heading\" data-id=\"62b9e50a\" data-element_type=\"widget\" data-widget_type=\"heading.default\">\n\t\t\t\t\t<h2 class=\"elementor-heading-title elementor-size-default\">1. Strategie<\/h2>\t\t\t\t<\/div>\n\t\t\t\t<div class=\"elementor-element elementor-element-7f0d478e elementor-widget elementor-widget-text-editor\" data-id=\"7f0d478e\" data-element_type=\"widget\" data-widget_type=\"text-editor.default\">\n\t\t\t\t\t\t\t\t\t<p>In einem 4 st\u00fcndigen Workshop bei Ihnen im Haus erarbeiten wir uns mit allen Entscheidungstr\u00e4gern Ihre zuk\u00fcnftigen Unternehmensziele, Ihre gelebten koh\u00e4renten Werte, Ihre Kernprodukte\/Leistungen und die Zielgruppen, denen Ihr Angebot einen Mehrwert bietet.<\/p><p>Mit dem <strong>Golden Circle Modell von Simon Synek<\/strong> finden wir gemeinsam das <strong>Warum<\/strong> in Ihrem Unternehmen. Menschen kaufen nicht die Leistung oder das Produkt der Sache wegen, sondern sie kaufen es, weil sie sich mit dem Warum des Unternehmens identifizieren k\u00f6nnen.<\/p>\t\t\t\t\t\t\t\t<\/div>\n\t\t\t\t<\/div>\n\t\t<div class=\"elementor-element elementor-element-2f14ea25 e-con-full e-flex e-con e-child\" data-id=\"2f14ea25\" data-element_type=\"container\" data-settings=\"{&quot;background_background&quot;:&quot;classic&quot;}\">\n\t\t\t\t<\/div>\n\t\t\t\t\t<\/div>\n\t\t\t\t<\/div>\n\t\t<div class=\"elementor-element elementor-element-a159d69 e-flex e-con-boxed e-con e-parent\" data-id=\"a159d69\" data-element_type=\"container\" data-settings=\"{&quot;background_background&quot;:&quot;classic&quot;}\">\n\t\t\t\t\t<div class=\"e-con-inner\">\n\t\t\t\t\t<\/div>\n\t\t\t\t<\/div>\n\t\t<div class=\"elementor-element elementor-element-8607590 e-flex e-con-boxed e-con e-parent\" data-id=\"8607590\" data-element_type=\"container\" data-settings=\"{&quot;background_background&quot;:&quot;classic&quot;}\">\n\t\t\t\t\t<div class=\"e-con-inner\">\n\t\t<div class=\"elementor-element elementor-element-d6e378e e-con-full e-flex e-con e-child\" data-id=\"d6e378e\" data-element_type=\"container\">\n\t\t\t\t<div class=\"elementor-element elementor-element-cfa69b5 elementor-widget elementor-widget-heading\" data-id=\"cfa69b5\" data-element_type=\"widget\" data-widget_type=\"heading.default\">\n\t\t\t\t\t<h2 class=\"elementor-heading-title elementor-size-default\"> 2. Branding &amp; Positionierung <\/h2>\t\t\t\t<\/div>\n\t\t\t\t<div class=\"elementor-element elementor-element-2a161e2 elementor-widget elementor-widget-text-editor\" data-id=\"2a161e2\" data-element_type=\"widget\" data-widget_type=\"text-editor.default\">\n\t\t\t\t\t\t\t\t\t<p>Mit dem Gesamtbild und den Zielen aus dem Strategie-Workshop gehen wir in den <strong>Design Sprint<\/strong> \u2013 eine effiziente, strukturierte Methode das gesagte in ein Branding, eine Bildwelt und wertsch\u00f6pfende Botschaften visuell darzustellen.<\/p><p>Ihr au\u00dfergew\u00f6hnlich authentisches Branding sorgt f\u00fcr einen starken Wiedererkennungswert, es schafft Vertrauen und Glaubw\u00fcrdigkeit in allen Bereichen Ihrer Unternehmerischen T\u00e4tigkeiten. Es schafft vorallem eine emotionale Bindung ihrer Mitarbeiter mit Ihrem Unternehmen als auch Ihrer Zielgruppe mit Ihrer Marke. Kunden bleiben und werden zu Fans \u2013 besser geht es nicht! Und damit sind Sie als unverwechselbare am Markt positioniert, was langfristig den Erfolg Ihres Unternehmens sichert.<\/p><p><strong>Schaffen Sie eine glaubw\u00fcrdige Marke und kommen Sie aus der Vergleichbarkeit.<\/strong><\/p>\t\t\t\t\t\t\t\t<\/div>\n\t\t\t\t<\/div>\n\t\t<div class=\"elementor-element elementor-element-f88a9ea e-con-full e-flex e-con e-child\" data-id=\"f88a9ea\" data-element_type=\"container\" data-settings=\"{&quot;background_background&quot;:&quot;classic&quot;}\">\n\t\t\t\t<\/div>\n\t\t\t\t\t<\/div>\n\t\t\t\t<\/div>\n\t\t<div class=\"elementor-element elementor-element-a3aeef8 e-flex e-con-boxed e-con e-parent\" data-id=\"a3aeef8\" data-element_type=\"container\" data-settings=\"{&quot;background_background&quot;:&quot;classic&quot;}\">\n\t\t\t\t\t<div class=\"e-con-inner\">\n\t\t<div class=\"elementor-element elementor-element-297f67d e-con-full e-flex e-con e-child\" data-id=\"297f67d\" data-element_type=\"container\">\n\t\t\t\t<div class=\"elementor-element elementor-element-458120c elementor-widget elementor-widget-heading\" data-id=\"458120c\" data-element_type=\"widget\" data-widget_type=\"heading.default\">\n\t\t\t\t\t<h2 class=\"elementor-heading-title elementor-size-default\">3. Omnipr\u00e4senz <\/h2>\t\t\t\t<\/div>\n\t\t\t\t<div class=\"elementor-element elementor-element-b6fb72c elementor-widget elementor-widget-text-editor\" data-id=\"b6fb72c\" data-element_type=\"widget\" data-widget_type=\"text-editor.default\">\n\t\t\t\t\t\t\t\t\t<p>Die Umsetzung des Brandings findet auf allen Ebenen und Kan\u00e4len statt. Den Mittelpunkt bildet stets die Website, die Ihre Markenbotschaft &#8211; das Warum kommuniziert und Treffpunkt potentieller Neukunden und Mitarbeiter bildet.<\/p><p>Der richtige Ma\u00dfnahmen Mix und wirkungsvolle, zielgerichtete Kampagnen bringen Sie in die Sichtbarkeit Ihrer Zielgruppen und lassen Datenbassiert Ergbenisse f\u00fcr sich sprechen.<\/p>\t\t\t\t\t\t\t\t<\/div>\n\t\t\t\t<\/div>\n\t\t<div class=\"elementor-element elementor-element-8a5a795 e-con-full e-flex e-con e-child\" data-id=\"8a5a795\" data-element_type=\"container\" data-settings=\"{&quot;background_background&quot;:&quot;classic&quot;}\">\n\t\t\t\t<\/div>\n\t\t\t\t\t<\/div>\n\t\t\t\t<\/div>\n\t\t<div class=\"elementor-element elementor-element-7868886 e-flex e-con-boxed e-con e-parent\" data-id=\"7868886\" data-element_type=\"container\" data-settings=\"{&quot;background_background&quot;:&quot;classic&quot;}\">\n\t\t\t\t\t<div class=\"e-con-inner\">\n\t\t\t\t<div class=\"elementor-element elementor-element-40e9be10 elementor-widget elementor-widget-heading\" data-id=\"40e9be10\" data-element_type=\"widget\" data-widget_type=\"heading.default\">\n\t\t\t\t\t<h2 class=\"elementor-heading-title elementor-size-default\">JETZT IHR KICK-OFF GESPR\u00c4CH VEREINBAREN: <\/h2>\t\t\t\t<\/div>\n\t\t\t\t<div class=\"elementor-element elementor-element-9dc919a elementor-widget__width-initial elementor-widget elementor-widget-text-editor\" data-id=\"9dc919a\" data-element_type=\"widget\" data-widget_type=\"text-editor.default\">\n\t\t\t\t\t\t\t\t\tUnser Beratungsverst\u00e4ndnis ist stark auf die Erreichung der gew\u00fcnschten Ziele und die Umsetzbarkeit sinnvoller  Ma\u00dfnahmen ausgerichtet.\n\nLassen Sie uns gemeinsam an der erfolgreichen Zukunft Ihres Unternehmens arbeiten und Sie Ihren Zielen n\u00e4her bringen.\t\t\t\t\t\t\t\t<\/div>\n\t\t\t\t<div class=\"elementor-element elementor-element-1d354ac1 elementor-align-center elementor-invisible elementor-widget elementor-widget-button\" data-id=\"1d354ac1\" data-element_type=\"widget\" data-settings=\"{&quot;_animation&quot;:&quot;fadeInDown&quot;}\" data-widget_type=\"button.default\">\n\t\t\t\t\t\t\t\t\t\t<a class=\"elementor-button elementor-button-link elementor-size-sm\" href=\"https:\/\/outlook.office.com\/bookwithme\/user\/c1beb8ec0fa1467ca0ae98d22e141a1f%40marschall-marketing.de\/meetingtype\/7oQhWEKsaUKTUXCaacWMWA2?anonymous&#038;ismsaljsauthenabled=true\" target=\"_blank\">\n\t\t\t\t\t\t<span class=\"elementor-button-content-wrapper\">\n\t\t\t\t\t\t\t\t\t<span class=\"elementor-button-text\">KICK-OFF<\/span>\n\t\t\t\t\t<\/span>\n\t\t\t\t\t<\/a>\n\t\t\t\t\t\t\t\t<\/div>\n\t\t\t\t\t<\/div>\n\t\t\t\t<\/div>\n\t\t\t\t<\/div>\n\t\t","protected":false},"excerpt":{"rendered":"<p>Unsere Leistungen Klarer Prozess bei MarschallMarketing. Planungssicherheit bei Ihnen. Mit unserer bew\u00e4hrten Methode f\u00fchren wir Sie strukturiert durch den gesamten Marken Prozess. Vom Erstgepr\u00e4ch hin zum Strategie-Workshop, \u00fcber die Entwicklung des Brandings und der Positionierung hin zu den Ma\u00dfnahmen die Sie in die Sichtbarkeit f\u00fchren werden. Vom Erstgespr\u00e4ch bis zum Launch des neuen Brandings vergehen [&hellip;]<\/p>\n","protected":false},"author":1,"featured_media":29,"parent":0,"menu_order":0,"comment_status":"closed","ping_status":"closed","template":"elementor_header_footer","meta":{"footnotes":""},"class_list":["post-26","page","type-page","status-publish","has-post-thumbnail","hentry"],"yoast_head":"<!-- This site is optimized with the Yoast SEO plugin v26.1.1 - https:\/\/yoast.com\/wordpress\/plugins\/seo\/ -->\n<title>LEISTUNGEN - Marschall Marketing<\/title>\n<meta name=\"robots\" content=\"noindex, follow, max-snippet:-1, max-image-preview:large, max-video-preview:-1\" \/>\n<meta property=\"og:locale\" content=\"de_DE\" \/>\n<meta property=\"og:type\" content=\"article\" \/>\n<meta property=\"og:title\" content=\"LEISTUNGEN - Marschall Marketing\" \/>\n<meta property=\"og:description\" content=\"Unsere Leistungen Klarer Prozess bei MarschallMarketing. Planungssicherheit bei Ihnen. Mit unserer bew\u00e4hrten Methode f\u00fchren wir Sie strukturiert durch den gesamten Marken Prozess. Vom Erstgepr\u00e4ch hin zum Strategie-Workshop, \u00fcber die Entwicklung des Brandings und der Positionierung hin zu den Ma\u00dfnahmen die Sie in die Sichtbarkeit f\u00fchren werden. Vom Erstgespr\u00e4ch bis zum Launch des neuen Brandings vergehen [&hellip;]\" \/>\n<meta property=\"og:url\" content=\"https:\/\/mmark.ds.mt\/index.php\/services\/\" \/>\n<meta property=\"og:site_name\" content=\"Marschall Marketing\" \/>\n<meta property=\"article:modified_time\" content=\"2025-12-08T09:51:18+00:00\" \/>\n<meta property=\"og:image\" content=\"https:\/\/mmark.ds.mt\/wp-content\/uploads\/2025\/10\/Services-400_380.jpg\" \/>\n\t<meta property=\"og:image:width\" content=\"400\" \/>\n\t<meta property=\"og:image:height\" content=\"380\" \/>\n\t<meta property=\"og:image:type\" content=\"image\/jpeg\" \/>\n<meta name=\"twitter:card\" content=\"summary_large_image\" \/>\n<meta name=\"twitter:label1\" content=\"Gesch\u00e4tzte Lesezeit\" \/>\n\t<meta name=\"twitter:data1\" content=\"2\u00a0Minuten\" \/>\n<script type=\"application\/ld+json\" class=\"yoast-schema-graph\">{\"@context\":\"https:\/\/schema.org\",\"@graph\":[{\"@type\":\"WebPage\",\"@id\":\"https:\/\/mmark.ds.mt\/index.php\/services\/\",\"url\":\"https:\/\/mmark.ds.mt\/index.php\/services\/\",\"name\":\"LEISTUNGEN - Marschall Marketing\",\"isPartOf\":{\"@id\":\"https:\/\/mmark.ds.mt\/#website\"},\"primaryImageOfPage\":{\"@id\":\"https:\/\/mmark.ds.mt\/index.php\/services\/#primaryimage\"},\"image\":{\"@id\":\"https:\/\/mmark.ds.mt\/index.php\/services\/#primaryimage\"},\"thumbnailUrl\":\"https:\/\/mmark.ds.mt\/wp-content\/uploads\/2025\/10\/Services-400_380.jpg\",\"datePublished\":\"2025-10-19T07:24:05+00:00\",\"dateModified\":\"2025-12-08T09:51:18+00:00\",\"breadcrumb\":{\"@id\":\"https:\/\/mmark.ds.mt\/index.php\/services\/#breadcrumb\"},\"inLanguage\":\"de\",\"potentialAction\":[{\"@type\":\"ReadAction\",\"target\":[\"https:\/\/mmark.ds.mt\/index.php\/services\/\"]}]},{\"@type\":\"ImageObject\",\"inLanguage\":\"de\",\"@id\":\"https:\/\/mmark.ds.mt\/index.php\/services\/#primaryimage\",\"url\":\"https:\/\/mmark.ds.mt\/wp-content\/uploads\/2025\/10\/Services-400_380.jpg\",\"contentUrl\":\"https:\/\/mmark.ds.mt\/wp-content\/uploads\/2025\/10\/Services-400_380.jpg\",\"width\":400,\"height\":380},{\"@type\":\"BreadcrumbList\",\"@id\":\"https:\/\/mmark.ds.mt\/index.php\/services\/#breadcrumb\",\"itemListElement\":[{\"@type\":\"ListItem\",\"position\":1,\"name\":\"Startseite\",\"item\":\"https:\/\/mmark.ds.mt\/\"},{\"@type\":\"ListItem\",\"position\":2,\"name\":\"LEISTUNGEN\"}]},{\"@type\":\"WebSite\",\"@id\":\"https:\/\/mmark.ds.mt\/#website\",\"url\":\"https:\/\/mmark.ds.mt\/\",\"name\":\"Marschall Marketing\",\"description\":\"\",\"publisher\":{\"@id\":\"https:\/\/mmark.ds.mt\/#organization\"},\"potentialAction\":[{\"@type\":\"SearchAction\",\"target\":{\"@type\":\"EntryPoint\",\"urlTemplate\":\"https:\/\/mmark.ds.mt\/?s={search_term_string}\"},\"query-input\":{\"@type\":\"PropertyValueSpecification\",\"valueRequired\":true,\"valueName\":\"search_term_string\"}}],\"inLanguage\":\"de\"},{\"@type\":\"Organization\",\"@id\":\"https:\/\/mmark.ds.mt\/#organization\",\"name\":\"Marschall Marketing\",\"url\":\"https:\/\/mmark.ds.mt\/\",\"logo\":{\"@type\":\"ImageObject\",\"inLanguage\":\"de\",\"@id\":\"https:\/\/mmark.ds.mt\/#\/schema\/logo\/image\/\",\"url\":\"https:\/\/mmark.ds.mt\/wp-content\/uploads\/2025\/10\/MarschallMarketing-Logo.webp\",\"contentUrl\":\"https:\/\/mmark.ds.mt\/wp-content\/uploads\/2025\/10\/MarschallMarketing-Logo.webp\",\"width\":1728,\"height\":425,\"caption\":\"Marschall Marketing\"},\"image\":{\"@id\":\"https:\/\/mmark.ds.mt\/#\/schema\/logo\/image\/\"}}]}<\/script>\n<!-- \/ Yoast SEO plugin. -->","yoast_head_json":{"title":"LEISTUNGEN - Marschall Marketing","robots":{"index":"noindex","follow":"follow","max-snippet":"max-snippet:-1","max-image-preview":"max-image-preview:large","max-video-preview":"max-video-preview:-1"},"og_locale":"de_DE","og_type":"article","og_title":"LEISTUNGEN - Marschall Marketing","og_description":"Unsere Leistungen Klarer Prozess bei MarschallMarketing. Planungssicherheit bei Ihnen. Mit unserer bew\u00e4hrten Methode f\u00fchren wir Sie strukturiert durch den gesamten Marken Prozess. Vom Erstgepr\u00e4ch hin zum Strategie-Workshop, \u00fcber die Entwicklung des Brandings und der Positionierung hin zu den Ma\u00dfnahmen die Sie in die Sichtbarkeit f\u00fchren werden. Vom Erstgespr\u00e4ch bis zum Launch des neuen Brandings vergehen [&hellip;]","og_url":"https:\/\/mmark.ds.mt\/index.php\/services\/","og_site_name":"Marschall Marketing","article_modified_time":"2025-12-08T09:51:18+00:00","og_image":[{"width":400,"height":380,"url":"https:\/\/mmark.ds.mt\/wp-content\/uploads\/2025\/10\/Services-400_380.jpg","type":"image\/jpeg"}],"twitter_card":"summary_large_image","twitter_misc":{"Gesch\u00e4tzte Lesezeit":"2\u00a0Minuten"},"schema":{"@context":"https:\/\/schema.org","@graph":[{"@type":"WebPage","@id":"https:\/\/mmark.ds.mt\/index.php\/services\/","url":"https:\/\/mmark.ds.mt\/index.php\/services\/","name":"LEISTUNGEN - Marschall Marketing","isPartOf":{"@id":"https:\/\/mmark.ds.mt\/#website"},"primaryImageOfPage":{"@id":"https:\/\/mmark.ds.mt\/index.php\/services\/#primaryimage"},"image":{"@id":"https:\/\/mmark.ds.mt\/index.php\/services\/#primaryimage"},"thumbnailUrl":"https:\/\/mmark.ds.mt\/wp-content\/uploads\/2025\/10\/Services-400_380.jpg","datePublished":"2025-10-19T07:24:05+00:00","dateModified":"2025-12-08T09:51:18+00:00","breadcrumb":{"@id":"https:\/\/mmark.ds.mt\/index.php\/services\/#breadcrumb"},"inLanguage":"de","potentialAction":[{"@type":"ReadAction","target":["https:\/\/mmark.ds.mt\/index.php\/services\/"]}]},{"@type":"ImageObject","inLanguage":"de","@id":"https:\/\/mmark.ds.mt\/index.php\/services\/#primaryimage","url":"https:\/\/mmark.ds.mt\/wp-content\/uploads\/2025\/10\/Services-400_380.jpg","contentUrl":"https:\/\/mmark.ds.mt\/wp-content\/uploads\/2025\/10\/Services-400_380.jpg","width":400,"height":380},{"@type":"BreadcrumbList","@id":"https:\/\/mmark.ds.mt\/index.php\/services\/#breadcrumb","itemListElement":[{"@type":"ListItem","position":1,"name":"Startseite","item":"https:\/\/mmark.ds.mt\/"},{"@type":"ListItem","position":2,"name":"LEISTUNGEN"}]},{"@type":"WebSite","@id":"https:\/\/mmark.ds.mt\/#website","url":"https:\/\/mmark.ds.mt\/","name":"Marschall Marketing","description":"","publisher":{"@id":"https:\/\/mmark.ds.mt\/#organization"},"potentialAction":[{"@type":"SearchAction","target":{"@type":"EntryPoint","urlTemplate":"https:\/\/mmark.ds.mt\/?s={search_term_string}"},"query-input":{"@type":"PropertyValueSpecification","valueRequired":true,"valueName":"search_term_string"}}],"inLanguage":"de"},{"@type":"Organization","@id":"https:\/\/mmark.ds.mt\/#organization","name":"Marschall Marketing","url":"https:\/\/mmark.ds.mt\/","logo":{"@type":"ImageObject","inLanguage":"de","@id":"https:\/\/mmark.ds.mt\/#\/schema\/logo\/image\/","url":"https:\/\/mmark.ds.mt\/wp-content\/uploads\/2025\/10\/MarschallMarketing-Logo.webp","contentUrl":"https:\/\/mmark.ds.mt\/wp-content\/uploads\/2025\/10\/MarschallMarketing-Logo.webp","width":1728,"height":425,"caption":"Marschall Marketing"},"image":{"@id":"https:\/\/mmark.ds.mt\/#\/schema\/logo\/image\/"}}]}},"_links":{"self":[{"href":"https:\/\/mmark.ds.mt\/index.php\/wp-json\/wp\/v2\/pages\/26","targetHints":{"allow":["GET"]}}],"collection":[{"href":"https:\/\/mmark.ds.mt\/index.php\/wp-json\/wp\/v2\/pages"}],"about":[{"href":"https:\/\/mmark.ds.mt\/index.php\/wp-json\/wp\/v2\/types\/page"}],"author":[{"embeddable":true,"href":"https:\/\/mmark.ds.mt\/index.php\/wp-json\/wp\/v2\/users\/1"}],"replies":[{"embeddable":true,"href":"https:\/\/mmark.ds.mt\/index.php\/wp-json\/wp\/v2\/comments?post=26"}],"version-history":[{"count":14,"href":"https:\/\/mmark.ds.mt\/index.php\/wp-json\/wp\/v2\/pages\/26\/revisions"}],"predecessor-version":[{"id":242,"href":"https:\/\/mmark.ds.mt\/index.php\/wp-json\/wp\/v2\/pages\/26\/revisions\/242"}],"wp:featuredmedia":[{"embeddable":true,"href":"https:\/\/mmark.ds.mt\/index.php\/wp-json\/wp\/v2\/media\/29"}],"wp:attachment":[{"href":"https:\/\/mmark.ds.mt\/index.php\/wp-json\/wp\/v2\/media?parent=26"}],"curies":[{"name":"wp","href":"https:\/\/api.w.org\/{rel}","templated":true}]}}